{"id":17609,"date":"2025-08-12T12:54:11","date_gmt":"2025-08-12T12:54:11","guid":{"rendered":"\/?page_id=17609"},"modified":"2026-04-23T05:00:26","modified_gmt":"2026-04-23T05:00:26","slug":"rapoarte-anuale","status":"publish","type":"page","link":"https:\/\/www.aerostar.ro\/en\/rapoarte-anuale\/","title":{"rendered":"Annual Reports"},"content":{"rendered":"\t\t<div data-elementor-type=\"wp-page\" data-elementor-id=\"17609\" class=\"elementor elementor-17609\">\n\t\t\t\t<div class=\"elementor-element elementor-element-69a5f088 e-con-full e-flex e-con e-parent\" data-id=\"69a5f088\" data-element_type=\"container\" data-e-type=\"container\" data-settings=\"{&quot;background_background&quot;:&quot;classic&quot;}\">\n\t\t<div class=\"elementor-element elementor-element-4a35f473 e-con-full e-flex e-con e-child\" data-id=\"4a35f473\" data-element_type=\"container\" data-e-type=\"container\">\n\t\t\t\t<div class=\"elementor-element elementor-element-577bb9b7 elementor-widget elementor-widget-ekit-nav-menu\" data-id=\"577bb9b7\" data-element_type=\"widget\" data-e-type=\"widget\" data-settings=\"{&quot;ekit_we_effect_on&quot;:&quot;none&quot;}\" data-widget_type=\"ekit-nav-menu.default\">\n\t\t\t\t<div class=\"elementor-widget-container\">\n\t\t\t\t\t\t\t<nav class=\"ekit-wid-con ekit_menu_responsive_tablet\"\n\t\t\tdata-hamburger-icon=\"\"\n\t\t\tdata-hamburger-icon-type=\"icon\"\n\t\t\tdata-responsive-breakpoint=\"1024\">\n\t\t\t            <button class=\"elementskit-menu-hamburger elementskit-menu-toggler\"  type=\"button\" aria-label=\"hamburger-icon\">\n                                    <span class=\"elementskit-menu-hamburger-icon\"><\/span><span class=\"elementskit-menu-hamburger-icon\"><\/span><span class=\"elementskit-menu-hamburger-icon\"><\/span>\n                            <\/button>\n            <div id=\"ekit-megamenu-investors-relation\" class=\"elementskit-menu-container elementskit-menu-offcanvas-elements elementskit-navbar-nav-default ekit-nav-menu-one-page-no ekit-nav-dropdown-hover\"><ul id=\"menu-investors-relation\" class=\"elementskit-navbar-nav elementskit-menu-po-left submenu-click-on-icon\"><li id=\"menu-item-16130\" class=\"menu-item menu-item-type-post_type menu-item-object-page menu-item-16130 nav-item elementskit-mobile-builder-content\" data-vertical-menu=750px><a href=\"https:\/\/www.aerostar.ro\/en\/relatia-cu-investitorii\/\" class=\"ekit-menu-nav-link\">Home<\/a><\/li>\n<li id=\"menu-item-19748\" class=\"menu-item menu-item-type-post_type menu-item-object-page menu-item-19748 nav-item elementskit-mobile-builder-content\" data-vertical-menu=750px><a href=\"https:\/\/www.aerostar.ro\/en\/adunari-generale\/\" class=\"ekit-menu-nav-link\">GMS<\/a><\/li>\n<li id=\"menu-item-19773\" class=\"menu-item menu-item-type-post_type menu-item-object-page menu-item-19773 nav-item elementskit-mobile-builder-content\" data-vertical-menu=750px><a href=\"https:\/\/www.aerostar.ro\/en\/ars\/\" class=\"ekit-menu-nav-link\">ARS<\/a><\/li>\n<li id=\"menu-item-17213\" class=\"menu-item menu-item-type-custom menu-item-object-custom menu-item-has-children menu-item-17213 nav-item elementskit-dropdown-has relative_position elementskit-dropdown-menu-default_width elementskit-mobile-builder-content\" data-vertical-menu=750px><a href=\"#\" class=\"ekit-menu-nav-link ekit-menu-dropdown-toggle\">Corporate Governance<i aria-hidden=\"true\" class=\"icon icon-down-arrow1 elementskit-submenu-indicator\"><\/i><\/a>\n<ul class=\"elementskit-dropdown elementskit-submenu-panel\">\n\t<li id=\"menu-item-16299\" class=\"menu-item menu-item-type-post_type menu-item-object-page menu-item-16299 nav-item elementskit-mobile-builder-content\" data-vertical-menu=750px><a href=\"https:\/\/www.aerostar.ro\/en\/structuri-de-guvernanta\/\" class=\" dropdown-item\">Governance Structures<\/a>\t<li id=\"menu-item-17204\" class=\"menu-item menu-item-type-custom menu-item-object-custom menu-item-has-children menu-item-17204 nav-item elementskit-dropdown-has relative_position elementskit-dropdown-menu-default_width elementskit-mobile-builder-content\" data-vertical-menu=750px><a href=\"#\" class=\" dropdown-item\">Documents<i aria-hidden=\"true\" class=\"icon icon-down-arrow1 elementskit-submenu-indicator\"><\/i><\/a>\n\t<ul class=\"elementskit-dropdown elementskit-submenu-panel\">\n\t\t<li id=\"menu-item-17212\" class=\"menu-item menu-item-type-post_type menu-item-object-page menu-item-17212 nav-item elementskit-mobile-builder-content\" data-vertical-menu=750px><a href=\"https:\/\/www.aerostar.ro\/en\/documente-de-referinta\/\" class=\" dropdown-item\">Reference Documents<\/a>\t\t<li id=\"menu-item-17632\" class=\"menu-item menu-item-type-post_type menu-item-object-page menu-item-17632 nav-item elementskit-mobile-builder-content\" data-vertical-menu=750px><a href=\"https:\/\/www.aerostar.ro\/en\/rapoarte-anuale\/\" class=\" dropdown-item\">Annual Reports<\/a>\t\t<li id=\"menu-item-16132\" class=\"menu-item menu-item-type-post_type menu-item-object-page menu-item-16132 nav-item elementskit-mobile-builder-content\" data-vertical-menu=750px><a href=\"https:\/\/www.aerostar.ro\/en\/tranzactii-notificate\/\" class=\" dropdown-item\">Notified Transactions<\/a>\t<\/ul>\n\t<li id=\"menu-item-16137\" class=\"menu-item menu-item-type-post_type menu-item-object-page menu-item-16137 nav-item elementskit-mobile-builder-content\" data-vertical-menu=750px><a href=\"https:\/\/www.aerostar.ro\/en\/registrul-actionarilor\/\" class=\" dropdown-item\">Shareholder\u2019s Register<\/a><\/ul>\n<\/li>\n<li id=\"menu-item-19763\" class=\"menu-item menu-item-type-post_type menu-item-object-page menu-item-19763 nav-item elementskit-mobile-builder-content\" data-vertical-menu=750px><a href=\"https:\/\/www.aerostar.ro\/en\/raportari-curente\/\" class=\"ekit-menu-nav-link\">Current Reports<\/a><\/li>\n<li id=\"menu-item-19764\" class=\"menu-item menu-item-type-post_type menu-item-object-page menu-item-19764 nav-item elementskit-mobile-builder-content\" data-vertical-menu=750px><a href=\"https:\/\/www.aerostar.ro\/en\/financials-results\/\" class=\"ekit-menu-nav-link\">Financial Results<\/a><\/li>\n<li id=\"menu-item-17561\" class=\"menu-item menu-item-type-post_type menu-item-object-page menu-item-17561 nav-item elementskit-mobile-builder-content\" data-vertical-menu=750px><a href=\"https:\/\/www.aerostar.ro\/en\/evenimente\/\" class=\"ekit-menu-nav-link\">Events<\/a><\/li>\n<li id=\"menu-item-17276\" class=\"menu-item menu-item-type-custom menu-item-object-custom menu-item-17276 nav-item elementskit-mobile-builder-content\" data-vertical-menu=750px><a href=\"\/en\/events\/\" class=\"ekit-menu-nav-link\">Calendar<\/a><\/li>\n<\/ul><div class=\"elementskit-nav-identity-panel\"><button class=\"elementskit-menu-close elementskit-menu-toggler\" type=\"button\">X<\/button><\/div><\/div>\n\t\t\t<div class=\"elementskit-menu-overlay elementskit-menu-offcanvas-elements elementskit-menu-toggler ekit-nav-menu--overlay\"><\/div>        <\/nav>\n\t\t\t\t\t\t<\/div>\n\t\t\t\t<\/div>\n\t\t\t\t<\/div>\n\t\t\t\t<div class=\"elementor-element elementor-element-1fd9864 elementor-widget elementor-widget-html\" data-id=\"1fd9864\" data-element_type=\"widget\" data-e-type=\"widget\" data-settings=\"{&quot;ekit_we_effect_on&quot;:&quot;none&quot;}\" data-widget_type=\"html.default\">\n\t\t\t\t<div class=\"elementor-widget-container\">\n\t\t\t\t\t<!-- TradingView Widget BEGIN -->\r\n<div class=\"tradingview-widget-container\">\r\n  <div class=\"tradingview-widget-container__widget\"><\/div>\r\n  <script type=\"text\/javascript\" src=\"https:\/\/s3.tradingview.com\/external-embedding\/embed-widget-single-quote.js\" async>\r\n  {\r\n  \"symbol\": \"BVB:ARS\",\r\n  \"width\": \"100%\",\r\n  \"isTransparent\": true,\r\n  \"colorTheme\": \"dark\",\r\n  \"locale\": \"en\"\r\n}\r\n  <\/script>\r\n<\/div>\r\n<!-- TradingView Widget END -->\r\n\t\t\t\t<\/div>\n\t\t\t\t<\/div>\n\t\t\t\t<\/div>\n\t\t<div class=\"elementor-element elementor-element-50c10e6 e-flex e-con-boxed e-con e-parent\" data-id=\"50c10e6\" data-element_type=\"container\" data-e-type=\"container\" id=\"1\" data-settings=\"{&quot;background_background&quot;:&quot;classic&quot;}\">\n\t\t\t\t\t<div class=\"e-con-inner\">\n\t\t\t\t<div class=\"elementor-element elementor-element-a01969c at-heading-animation at-animation-heading-style-2 elementor-widget elementor-widget-heading\" data-id=\"a01969c\" data-element_type=\"widget\" data-e-type=\"widget\" data-settings=\"{&quot;ekit_we_effect_on&quot;:&quot;none&quot;}\" data-widget_type=\"heading.default\">\n\t\t\t\t<div class=\"elementor-widget-container\">\n\t\t\t\t\t<h2 class=\"elementor-heading-title elementor-size-default\"><span>ANNUAL REPORTS - AEROSTAR S.A.<\/span><\/h2>\t\t\t\t<\/div>\n\t\t\t\t<\/div>\n\t\t\t\t<div class=\"elementor-element elementor-element-b8b6c47 elementor-widget__width-inherit elementor-widget elementor-widget-html\" data-id=\"b8b6c47\" data-element_type=\"widget\" data-e-type=\"widget\" data-settings=\"{&quot;ekit_we_effect_on&quot;:&quot;none&quot;}\" data-widget_type=\"html.default\">\n\t\t\t\t<div class=\"elementor-widget-container\">\n\t\t\t\t\t<!DOCTYPE html>\r\n<html lang=\"ro\">\r\n<head>\r\n  <meta charset=\"utf-8\">\r\n  <title>Swiper 3D Carousel<\/title>\r\n  <meta name=\"viewport\" content=\"width=device-width, initial-scale=1, minimum-scale=1, maximum-scale=1\">\r\n  <link rel=\"stylesheet\" href=\"https:\/\/cdn.jsdelivr.net\/npm\/swiper@11\/swiper-bundle.min.css\">\r\n\r\n  <style>\r\n    body {\r\n      background: #cbd5e1; \/* Fundal deschis *\/\r\n      font-family: Arial, sans-serif;\r\n      margin: 0;\r\n      padding: 0;\r\n    }\r\n    .swiper {\r\n      width: 100%;\r\n      padding-top: 100px;\r\n      padding-bottom: 100px;\r\n    }\r\n    .swiper-slide {\r\n      width: 300px;\r\n      height: 400px;\r\n    }\r\n    .swiper-slide img {\r\n      display: block;\r\n      width: 100%;\r\n      border-radius: 10px;\r\n    }\r\n\r\n    \/* Modific\u0103m stilul punctelor de paginare *\/\r\n    .swiper-pagination {\r\n      bottom: 50px; \/* \u00cempingem punctele cu 50px mai jos *\/\r\n    }\r\n\r\n    .swiper-pagination-bullet {\r\n      width: 18px; \/* M\u0103rim punctele *\/\r\n      height: 18px;\r\n      background-color: #fff; \/* Punctele albe *\/\r\n      opacity: 0.7;\r\n      transition: 0.3s;\r\n      position: relative; \/* Permitem deplasarea lor *\/\r\n      top: px; \/* Cobor\u00e2m punctele cu 50px *\/\r\n    }\r\n\r\n    .swiper-pagination-bullet:hover {\r\n      opacity: 1;\r\n      background-color: #007bff; \/* Punctele devin albastre la hover *\/\r\n    }\r\n\r\n    .swiper-pagination-bullet-active {\r\n      background-color: #007bff; \/* Punctul activ devine albastru *\/\r\n    }\r\n  <\/style>\r\n<\/head>\r\n<body>\r\n\r\n  <div class=\"swiper mySwiper\">\r\n    <div class=\"swiper-wrapper\">\r\n      <!-- Slide pentru fiecare an -->\r\n      \r\n        <div class=\"swiper-slide\">\r\n        <a href=\"https:\/\/www.aerostar.ro\/en\/wp-content\/uploads\/2026\/04\/Annual-Report-2025.pdf\" target=\"_blank\">\r\n          <img decoding=\"async\" src=\"https:\/\/www.aerostar.ro\/en\/wp-content\/uploads\/2026\/04\/Coperta-ENG.png\" alt=\"Raport Anual 2025\">\r\n        <\/a>\r\n      <\/div>\r\n      \r\n      \r\n         <div class=\"swiper-slide\">\r\n        <a href=\"https:\/\/www.aerostar.ro\/pdfviewer\/2024en\/?auto_viewer=true#page=&zoom=page-height&pagemode=\" target=\"_blank\">\r\n          <img decoding=\"async\" src=\"\/docs\/financiar\/ImgRapAn\/RAnual2024EN.png\" alt=\"Raport Anual 2024\">\r\n        <\/a>\r\n      <\/div>\r\n      \r\n      <div class=\"swiper-slide\">\r\n        <a href=\"https:\/\/www.aerostar.ro\/pdfviewer\/2023en\/?auto_viewer=true#page=&zoom=page-height&pagemode=\" target=\"_blank\">\r\n          <img decoding=\"async\" src=\"\/docs\/financiar\/ImgRapAn\/RAnual2023EN.png\" alt=\"Raport Anual 2023\">\r\n        <\/a>\r\n      <\/div>\r\n      <div class=\"swiper-slide\">\r\n        <a href=\"https:\/\/www.aerostar.ro\/pdfviewer\/2022en\/?auto_viewer=true#page=&zoom=page-height&pagemode=\" target=\"_blank\">\r\n          <img decoding=\"async\" src=\"\/docs\/financiar\/ImgRapAn\/RAnual2022EN.png\" alt=\"Raport Anual 2022\">\r\n        <\/a>\r\n      <\/div>\r\n      <div class=\"swiper-slide\">\r\n        <a href=\"https:\/\/www.aerostar.ro\/pdfviewer\/2021en\/?auto_viewer=true#page=&zoom=page-height&pagemode=\" target=\"_blank\">\r\n          <img decoding=\"async\" src=\"\/docs\/financiar\/ImgRapAn\/RAnual2021EN.png\" alt=\"Raport Anual 2021\">\r\n        <\/a>\r\n      <\/div>\r\n      <div class=\"swiper-slide\">\r\n        <a href=\"https:\/\/www.aerostar.ro\/pdfviewer\/2020en\/?auto_viewer=true#page=&zoom=page-height&pagemode=\" target=\"_blank\">\r\n          <img decoding=\"async\" src=\"\/docs\/financiar\/ImgRapAn\/RAnual2020EN.png\" alt=\"Raport Anual 2020\">\r\n        <\/a>\r\n      <\/div>\r\n      <div class=\"swiper-slide\">\r\n        <a href=\"https:\/\/www.aerostar.ro\/pdfviewer\/2019en\/?auto_viewer=true#page=&zoom=page-height&pagemode=\" target=\"_blank\">\r\n          <img decoding=\"async\" src=\"\/docs\/financiar\/ImgRapAn\/RAnual2019EN.png\" alt=\"Raport Anual 2019\">\r\n        <\/a>\r\n      <\/div>\r\n      <div class=\"swiper-slide\">\r\n        <a href=\"https:\/\/www.aerostar.ro\/pdfviewer\/2018en\/?auto_viewer=true#page=&zoom=page-height&pagemode=\" target=\"_blank\">\r\n          <img decoding=\"async\" src=\"\/docs\/financiar\/ImgRapAn\/RAnual2018EN.png\" alt=\"Raport Anual 2018\">\r\n        <\/a>\r\n      <\/div>\r\n      <div class=\"swiper-slide\">\r\n        <a href=\"https:\/\/www.aerostar.ro\/pdfviewer\/2017en\/?auto_viewer=true#page=&zoom=page-height&pagemode=\" target=\"_blank\">\r\n          <img decoding=\"async\" src=\"\/docs\/financiar\/ImgRapAn\/RAnual2017EN.png\" alt=\"Raport Anual 2017\">\r\n        <\/a>\r\n      <\/div>\r\n      <div class=\"swiper-slide\">\r\n        <a href=\"https:\/\/www.aerostar.ro\/pdfviewer\/2016en\/?auto_viewer=true#page=&zoom=page-height&pagemode=\" target=\"_blank\">\r\n          <img decoding=\"async\" src=\"\/docs\/financiar\/ImgRapAn\/RAnual2016EN.png\" alt=\"Raport Anual 2016\">\r\n        <\/a>\r\n      <\/div>\r\n      <div class=\"swiper-slide\">\r\n        <a href=\"https:\/\/www.aerostar.ro\/pdfviewer\/2015en\/?auto_viewer=true#page=&zoom=page-height&pagemode=\" target=\"_blank\">\r\n          <img decoding=\"async\" src=\"\/docs\/financiar\/ImgRapAn\/RAnual2015EN.png\" alt=\"Raport Anual 2015\">\r\n        <\/a>\r\n      <\/div>\r\n      <div class=\"swiper-slide\">\r\n        <a href=\"https:\/\/www.aerostar.ro\/pdfviewer\/2014en\/?auto_viewer=true#page=&zoom=page-height&pagemode=\" target=\"_blank\">\r\n          <img decoding=\"async\" src=\"\/docs\/financiar\/ImgRapAn\/RAnual2014EN.png\" alt=\"Raport Anual 2014\">\r\n        <\/a>\r\n      <\/div>\r\n      <div class=\"swiper-slide\">\r\n        <a href=\"https:\/\/www.aerostar.ro\/pdfviewer\/2013en\/?auto_viewer=true#page=&zoom=page-height&pagemode=\" target=\"_blank\">\r\n          <img decoding=\"async\" src=\"\/docs\/financiar\/ImgRapAn\/RAnual2013EN.png\" alt=\"Raport Anual 2013\">\r\n        <\/a>\r\n      <\/div>\r\n    <\/div>\r\n    <div class=\"swiper-pagination\"><\/div>\r\n  <\/div>\r\n\r\n  <script src=\"https:\/\/cdn.jsdelivr.net\/npm\/swiper@11\/swiper-bundle.min.js\"><\/script>\r\n\r\n  <script>\r\n    var swiper = new Swiper(\".mySwiper\", {\r\n      effect: \"coverflow\",\r\n      grabCursor: true,\r\n      centeredSlides: true,\r\n      slidesPerView: \"auto\",\r\n      loop: true,  \/\/ Activeaz\u0103 loop-ul continuu\r\n      autoplay: {\r\n        delay: 1200, \/\/ F\u0103r\u0103 \u00eent\u00e2rziere \u00eentre slide-uri\r\n        disableOnInteraction: false,  \/\/ Men\u021bine autoplay-ul activ chiar \u0219i dup\u0103 interac\u021biune\r\n      },\r\n      speed: 1200, \/\/ Ajust\u0103m viteza pentru a o face mai lent\u0103\r\n      coverflowEffect: {\r\n        rotate: 33,\r\n        stretch: 0,\r\n        depth: 100,\r\n        modifier: 1,\r\n        slideShadows: true,\r\n      },\r\n      pagination: {\r\n        el: \".swiper-pagination\",\r\n        clickable: true,\r\n      },\r\n    });\r\n\r\n    \/\/ Oprirea efectului de rotire c\u00e2nd utilizatorul trece cu mouse-ul pe punctele de paginare\r\n    var pagination = document.querySelector('.swiper-pagination');\r\n    pagination.addEventListener('mouseenter', function() {\r\n      swiper.autoplay.stop();  \/\/ Oprirea autoplay-ului\r\n    });\r\n    pagination.addEventListener('mouseleave', function() {\r\n      swiper.autoplay.start();  \/\/ Reluarea autoplay-ului\r\n    });\r\n  <\/script>\r\n<\/body>\r\n<\/html>\r\n\t\t\t\t<\/div>\n\t\t\t\t<\/div>\n\t\t\t\t\t<\/div>\n\t\t\t\t<\/div>\n\t\t\t\t<\/div>\n\t\t","protected":false},"excerpt":{"rendered":"<p>Home GMS ARS Corporate Governance Governance Structures Documents Reference Documents Annual Reports [&hellip;]<\/p>\n","protected":false},"author":1,"featured_media":0,"parent":0,"menu_order":0,"comment_status":"closed","ping_status":"closed","template":"elementor_header_footer","meta":{"footnotes":""},"class_list":["post-17609","page","type-page","status-publish","hentry"],"yoast_head":"<!-- This site is optimized with the Yoast SEO plugin v24.6 - https:\/\/yoast.com\/wordpress\/plugins\/seo\/ -->\n<title>Annual Reports - Aerostar<\/title>\n<meta name=\"robots\" content=\"index, follow, max-snippet:-1, max-image-preview:large, max-video-preview:-1\" \/>\n<link rel=\"canonical\" href=\"https:\/\/www.aerostar.ro\/en\/rapoarte-anuale\/\" \/>\n<meta property=\"og:locale\" content=\"en_US\" \/>\n<meta property=\"og:type\" content=\"article\" \/>\n<meta property=\"og:title\" content=\"Annual Reports - Aerostar\" \/>\n<meta property=\"og:description\" content=\"Home GMS ARS Corporate Governance Governance Structures Documents Reference Documents Annual Reports [&hellip;]\" \/>\n<meta property=\"og:url\" content=\"https:\/\/www.aerostar.ro\/en\/rapoarte-anuale\/\" \/>\n<meta property=\"og:site_name\" content=\"Aerostar\" \/>\n<meta property=\"article:publisher\" content=\"https:\/\/www.facebook.com\/aerostar.sa\" \/>\n<meta property=\"article:modified_time\" content=\"2026-04-23T05:00:26+00:00\" \/>\n<meta property=\"og:image\" content=\"https:\/\/www.aerostar.ro\/en\/wp-content\/uploads\/2026\/04\/Coperta-ENG.png\" \/>\n<meta name=\"twitter:card\" content=\"summary_large_image\" \/>\n<meta name=\"twitter:label1\" content=\"Est. reading time\" \/>\n\t<meta name=\"twitter:data1\" content=\"3 minutes\" \/>\n<script type=\"application\/ld+json\" class=\"yoast-schema-graph\">{\"@context\":\"https:\/\/schema.org\",\"@graph\":[{\"@type\":\"WebPage\",\"@id\":\"https:\/\/www.aerostar.ro\/en\/rapoarte-anuale\/\",\"url\":\"https:\/\/www.aerostar.ro\/en\/rapoarte-anuale\/\",\"name\":\"Annual Reports - Aerostar\",\"isPartOf\":{\"@id\":\"https:\/\/www.aerostar.ro\/en\/#website\"},\"primaryImageOfPage\":{\"@id\":\"https:\/\/www.aerostar.ro\/en\/rapoarte-anuale\/#primaryimage\"},\"image\":{\"@id\":\"https:\/\/www.aerostar.ro\/en\/rapoarte-anuale\/#primaryimage\"},\"thumbnailUrl\":\"https:\/\/www.aerostar.ro\/en\/wp-content\/uploads\/2026\/04\/Coperta-ENG.png\",\"datePublished\":\"2025-08-12T12:54:11+00:00\",\"dateModified\":\"2026-04-23T05:00:26+00:00\",\"breadcrumb\":{\"@id\":\"https:\/\/www.aerostar.ro\/en\/rapoarte-anuale\/#breadcrumb\"},\"inLanguage\":\"en-US\",\"potentialAction\":[{\"@type\":\"ReadAction\",\"target\":[\"https:\/\/www.aerostar.ro\/en\/rapoarte-anuale\/\"]}]},{\"@type\":\"ImageObject\",\"inLanguage\":\"en-US\",\"@id\":\"https:\/\/www.aerostar.ro\/en\/rapoarte-anuale\/#primaryimage\",\"url\":\"https:\/\/www.aerostar.ro\/en\/wp-content\/uploads\/2026\/04\/Coperta-ENG.png\",\"contentUrl\":\"https:\/\/www.aerostar.ro\/en\/wp-content\/uploads\/2026\/04\/Coperta-ENG.png\",\"width\":595,\"height\":836},{\"@type\":\"BreadcrumbList\",\"@id\":\"https:\/\/www.aerostar.ro\/en\/rapoarte-anuale\/#breadcrumb\",\"itemListElement\":[{\"@type\":\"ListItem\",\"position\":1,\"name\":\"Prima pagin\u0103\",\"item\":\"https:\/\/www.aerostar.ro\/en\/\"},{\"@type\":\"ListItem\",\"position\":2,\"name\":\"Annual Reports\"}]},{\"@type\":\"WebSite\",\"@id\":\"https:\/\/www.aerostar.ro\/en\/#website\",\"url\":\"https:\/\/www.aerostar.ro\/en\/\",\"name\":\"Aerostar\",\"description\":\"Performance through professionalism!\",\"publisher\":{\"@id\":\"https:\/\/www.aerostar.ro\/en\/#organization\"},\"potentialAction\":[{\"@type\":\"SearchAction\",\"target\":{\"@type\":\"EntryPoint\",\"urlTemplate\":\"https:\/\/www.aerostar.ro\/en\/?s={search_term_string}\"},\"query-input\":{\"@type\":\"PropertyValueSpecification\",\"valueRequired\":true,\"valueName\":\"search_term_string\"}}],\"inLanguage\":\"en-US\"},{\"@type\":\"Organization\",\"@id\":\"https:\/\/www.aerostar.ro\/en\/#organization\",\"name\":\"Aerostar S.A.\",\"url\":\"https:\/\/www.aerostar.ro\/en\/\",\"logo\":{\"@type\":\"ImageObject\",\"inLanguage\":\"en-US\",\"@id\":\"https:\/\/www.aerostar.ro\/en\/#\/schema\/logo\/image\/\",\"url\":\"https:\/\/www.aerostar.ro\/en\/wp-content\/uploads\/2025\/03\/Logo-Aerostar-alb.png\",\"contentUrl\":\"https:\/\/www.aerostar.ro\/en\/wp-content\/uploads\/2025\/03\/Logo-Aerostar-alb.png\",\"width\":2269,\"height\":548,\"caption\":\"Aerostar S.A.\"},\"image\":{\"@id\":\"https:\/\/www.aerostar.ro\/en\/#\/schema\/logo\/image\/\"},\"sameAs\":[\"https:\/\/www.facebook.com\/aerostar.sa\",\"https:\/\/www.instagram.com\/aerostar.sa\/\",\"https:\/\/www.linkedin.com\/company\/aerostar-sa-bacau\/\"]}]}<\/script>\n<!-- \/ Yoast SEO plugin. -->","yoast_head_json":{"title":"Annual Reports - Aerostar","robots":{"index":"index","follow":"follow","max-snippet":"max-snippet:-1","max-image-preview":"max-image-preview:large","max-video-preview":"max-video-preview:-1"},"canonical":"https:\/\/www.aerostar.ro\/en\/rapoarte-anuale\/","og_locale":"en_US","og_type":"article","og_title":"Annual Reports - Aerostar","og_description":"Home GMS ARS Corporate Governance Governance Structures Documents Reference Documents Annual Reports [&hellip;]","og_url":"https:\/\/www.aerostar.ro\/en\/rapoarte-anuale\/","og_site_name":"Aerostar","article_publisher":"https:\/\/www.facebook.com\/aerostar.sa","article_modified_time":"2026-04-23T05:00:26+00:00","og_image":[{"url":"https:\/\/www.aerostar.ro\/en\/wp-content\/uploads\/2026\/04\/Coperta-ENG.png","type":"","width":"","height":""}],"twitter_card":"summary_large_image","twitter_misc":{"Est. reading time":"3 minutes"},"schema":{"@context":"https:\/\/schema.org","@graph":[{"@type":"WebPage","@id":"https:\/\/www.aerostar.ro\/en\/rapoarte-anuale\/","url":"https:\/\/www.aerostar.ro\/en\/rapoarte-anuale\/","name":"Annual Reports - Aerostar","isPartOf":{"@id":"https:\/\/www.aerostar.ro\/en\/#website"},"primaryImageOfPage":{"@id":"https:\/\/www.aerostar.ro\/en\/rapoarte-anuale\/#primaryimage"},"image":{"@id":"https:\/\/www.aerostar.ro\/en\/rapoarte-anuale\/#primaryimage"},"thumbnailUrl":"https:\/\/www.aerostar.ro\/en\/wp-content\/uploads\/2026\/04\/Coperta-ENG.png","datePublished":"2025-08-12T12:54:11+00:00","dateModified":"2026-04-23T05:00:26+00:00","breadcrumb":{"@id":"https:\/\/www.aerostar.ro\/en\/rapoarte-anuale\/#breadcrumb"},"inLanguage":"en-US","potentialAction":[{"@type":"ReadAction","target":["https:\/\/www.aerostar.ro\/en\/rapoarte-anuale\/"]}]},{"@type":"ImageObject","inLanguage":"en-US","@id":"https:\/\/www.aerostar.ro\/en\/rapoarte-anuale\/#primaryimage","url":"https:\/\/www.aerostar.ro\/en\/wp-content\/uploads\/2026\/04\/Coperta-ENG.png","contentUrl":"https:\/\/www.aerostar.ro\/en\/wp-content\/uploads\/2026\/04\/Coperta-ENG.png","width":595,"height":836},{"@type":"BreadcrumbList","@id":"https:\/\/www.aerostar.ro\/en\/rapoarte-anuale\/#breadcrumb","itemListElement":[{"@type":"ListItem","position":1,"name":"Prima pagin\u0103","item":"https:\/\/www.aerostar.ro\/en\/"},{"@type":"ListItem","position":2,"name":"Annual Reports"}]},{"@type":"WebSite","@id":"https:\/\/www.aerostar.ro\/en\/#website","url":"https:\/\/www.aerostar.ro\/en\/","name":"Aerostar","description":"Performance through professionalism!","publisher":{"@id":"https:\/\/www.aerostar.ro\/en\/#organization"},"potentialAction":[{"@type":"SearchAction","target":{"@type":"EntryPoint","urlTemplate":"https:\/\/www.aerostar.ro\/en\/?s={search_term_string}"},"query-input":{"@type":"PropertyValueSpecification","valueRequired":true,"valueName":"search_term_string"}}],"inLanguage":"en-US"},{"@type":"Organization","@id":"https:\/\/www.aerostar.ro\/en\/#organization","name":"Aerostar S.A.","url":"https:\/\/www.aerostar.ro\/en\/","logo":{"@type":"ImageObject","inLanguage":"en-US","@id":"https:\/\/www.aerostar.ro\/en\/#\/schema\/logo\/image\/","url":"https:\/\/www.aerostar.ro\/en\/wp-content\/uploads\/2025\/03\/Logo-Aerostar-alb.png","contentUrl":"https:\/\/www.aerostar.ro\/en\/wp-content\/uploads\/2025\/03\/Logo-Aerostar-alb.png","width":2269,"height":548,"caption":"Aerostar S.A."},"image":{"@id":"https:\/\/www.aerostar.ro\/en\/#\/schema\/logo\/image\/"},"sameAs":["https:\/\/www.facebook.com\/aerostar.sa","https:\/\/www.instagram.com\/aerostar.sa\/","https:\/\/www.linkedin.com\/company\/aerostar-sa-bacau\/"]}]}},"_links":{"self":[{"href":"https:\/\/www.aerostar.ro\/en\/wp-json\/wp\/v2\/pages\/17609","targetHints":{"allow":["GET"]}}],"collection":[{"href":"https:\/\/www.aerostar.ro\/en\/wp-json\/wp\/v2\/pages"}],"about":[{"href":"https:\/\/www.aerostar.ro\/en\/wp-json\/wp\/v2\/types\/page"}],"author":[{"embeddable":true,"href":"https:\/\/www.aerostar.ro\/en\/wp-json\/wp\/v2\/users\/1"}],"replies":[{"embeddable":true,"href":"https:\/\/www.aerostar.ro\/en\/wp-json\/wp\/v2\/comments?post=17609"}],"version-history":[{"count":63,"href":"https:\/\/www.aerostar.ro\/en\/wp-json\/wp\/v2\/pages\/17609\/revisions"}],"predecessor-version":[{"id":21917,"href":"https:\/\/www.aerostar.ro\/en\/wp-json\/wp\/v2\/pages\/17609\/revisions\/21917"}],"wp:attachment":[{"href":"https:\/\/www.aerostar.ro\/en\/wp-json\/wp\/v2\/media?parent=17609"}],"curies":[{"name":"wp","href":"https:\/\/api.w.org\/{rel}","templated":true}]}}